{"id":178,"date":"2017-01-18T13:46:45","date_gmt":"2017-01-18T15:46:45","guid":{"rendered":"https:\/\/webmidiadigital.com.br\/consorcios\/?page_id=178"},"modified":"2017-01-18T13:46:45","modified_gmt":"2017-01-18T15:46:45","slug":"a-web-midia-digital","status":"publish","type":"page","link":"https:\/\/webmidiadigital.com.br\/consorcios\/a-web-midia-digital\/","title":{"rendered":"A Web M\u00eddia Digital"},"content":{"rendered":"<p>O site Web M\u00eddia Digital \u00e9 uma empresa de tecnologia que oferece solu\u00e7\u00f5es em m\u00eddia digital para que pessoas ou empresas possam comprar, vender e anunciar Cons\u00f3rcios, Im\u00f3veis e Ve\u00edculos pela internet, sem intermedi\u00e1rios na venda. Nosso escrit\u00f3rio fica localizado em Porto Alegre\/RS.<\/p>\n","protected":false},"excerpt":{"rendered":"<p>O site Web M\u00eddia Digital \u00e9 uma empresa de tecnologia que oferece solu\u00e7\u00f5es em m\u00eddia digital para que pessoas ou empresas possam comprar, vender e anunciar Cons\u00f3rcios, Im\u00f3veis e Ve\u00edculos pela internet, sem intermedi\u00e1rios na venda. Nosso escrit\u00f3rio fica localizado em Porto Alegre\/RS.<\/p>\n","protected":false},"author":1,"featured_media":0,"parent":0,"menu_order":0,"comment_status":"closed","ping_status":"closed","template":"","meta":{"footnotes":""},"class_list":["post-178","page","type-page","status-publish","hentry"],"_links":{"self":[{"href":"https:\/\/webmidiadigital.com.br\/consorcios\/wp-json\/wp\/v2\/pages\/178","targetHints":{"allow":["GET"]}}],"collection":[{"href":"https:\/\/webmidiadigital.com.br\/consorcios\/wp-json\/wp\/v2\/pages"}],"about":[{"href":"https:\/\/webmidiadigital.com.br\/consorcios\/wp-json\/wp\/v2\/types\/page"}],"author":[{"embeddable":true,"href":"https:\/\/webmidiadigital.com.br\/consorcios\/wp-json\/wp\/v2\/users\/1"}],"replies":[{"embeddable":true,"href":"https:\/\/webmidiadigital.com.br\/consorcios\/wp-json\/wp\/v2\/comments?post=178"}],"version-history":[{"count":0,"href":"https:\/\/webmidiadigital.com.br\/consorcios\/wp-json\/wp\/v2\/pages\/178\/revisions"}],"wp:attachment":[{"href":"https:\/\/webmidiadigital.com.br\/consorcios\/wp-json\/wp\/v2\/media?parent=178"}],"curies":[{"name":"wp","href":"https:\/\/api.w.org\/{rel}","templated":true}]}}